{"id":105,"date":"2020-06-29T23:38:07","date_gmt":"2020-06-29T23:38:07","guid":{"rendered":"https:\/\/demosites.io\/pet-shop-gb\/?page_id=105"},"modified":"2024-10-23T15:06:34","modified_gmt":"2024-10-23T15:06:34","slug":"home","status":"publish","type":"page","link":"https:\/\/marierobert.fr\/","title":{"rendered":"Accueil"},"content":{"rendered":"<div id=\"wp-block-themeisle-blocks-advanced-columns-cbb7d63f\" class=\"wp-block-themeisle-blocks-advanced-columns alignfull has-1-columns has-desktop-equal-layout has-tablet-equal-layout has-mobile-equal-layout has-vertical-center\"><div class=\"wp-block-themeisle-blocks-advanced-columns-overlay\"><\/div><div class=\"innerblocks-wrap\"><div id=\"wp-block-themeisle-blocks-advanced-column-9099e04a\" class=\"wp-block-themeisle-blocks-advanced-column\"><h1 class=\"wp-block-heading has-text-align-center has-white-color has-text-color\">Ceci n&rsquo;est pas un site web<\/h1>\n\n<p id=\"wp-block-themeisle-blocks-advanced-heading-5ba2036d\" class=\"wp-block-themeisle-blocks-advanced-heading wp-block-themeisle-blocks-advanced-heading-5ba2036d\">Coucou Magritte<\/p>\n\n<div id=\"wp-block-themeisle-blocks-button-group-72abf9df\" class=\"wp-block-themeisle-blocks-button-group wp-block-buttons align-center\"><div id=\"wp-block-themeisle-blocks-button-1b647751\" class=\"wp-block-themeisle-blocks-button wp-block-button\"><a href=\"\" target=\"_self\" rel=\"noopener noreferrer\" class=\"wp-block-button__link\"><span>DECOUVRIR<\/span><i class=\"fas fa-fw fa-arrow-right margin-left\"><\/i><\/a><\/div><\/div><\/div><\/div><\/div><div id=\"wp-block-themeisle-blocks-advanced-columns-dd2f9e65\" class=\"wp-block-themeisle-blocks-advanced-columns has-3-columns has-desktop-equal-layout has-tablet-equal-layout has-mobile-collapsedRows-layout has-vertical-unset\"><div class=\"wp-block-themeisle-blocks-advanced-columns-overlay\"><\/div><div class=\"innerblocks-wrap\"><div id=\"wp-block-themeisle-blocks-advanced-column-4bd4d1dc\" class=\"wp-block-themeisle-blocks-advanced-column\"><div class=\"wp-block-image wp-duotone-6b2e13b8-faf3e8c4-1\"><figure class=\"aligncenter size-large\"><img loading=\"lazy\" decoding=\"async\" width=\"1887\" height=\"1888\" src=\"https:\/\/marierobert.fr\/wp-content\/uploads\/2024\/10\/photo-1544535830-9df3f56fff6a-edited.avif\" alt=\"\" class=\"wp-image-325\" srcset=\"https:\/\/marierobert.fr\/wp-content\/uploads\/2024\/10\/photo-1544535830-9df3f56fff6a-edited.avif 1887w, https:\/\/marierobert.fr\/wp-content\/uploads\/2024\/10\/photo-1544535830-9df3f56fff6a-edited-300x300.avif 300w, https:\/\/marierobert.fr\/wp-content\/uploads\/2024\/10\/photo-1544535830-9df3f56fff6a-edited-1024x1024.avif 1024w, https:\/\/marierobert.fr\/wp-content\/uploads\/2024\/10\/photo-1544535830-9df3f56fff6a-edited-150x150.avif 150w, https:\/\/marierobert.fr\/wp-content\/uploads\/2024\/10\/photo-1544535830-9df3f56fff6a-edited-768x768.avif 768w, https:\/\/marierobert.fr\/wp-content\/uploads\/2024\/10\/photo-1544535830-9df3f56fff6a-edited-1536x1536.avif 1536w, https:\/\/marierobert.fr\/wp-content\/uploads\/2024\/10\/photo-1544535830-9df3f56fff6a-edited-600x600.avif 600w, https:\/\/marierobert.fr\/wp-content\/uploads\/2024\/10\/photo-1544535830-9df3f56fff6a-edited-100x100.avif 100w\" sizes=\"(max-width: 1887px) 100vw, 1887px\" \/><\/figure><\/div>\n\n<hr class=\"wp-block-separator has-alpha-channel-opacity\"\/>\n\n<h2 class=\"wp-block-heading\">Atelier de groupe<\/h2>\n\n<p>D\u00e9couvrez la philosophie avec nos ateliers d\u00e9contract\u00e9s pour adultes et enfants.<\/p>\n\n<div class=\"wp-block-buttons is-content-justification-center is-layout-flex wp-container-core-buttons-is-layout-1 wp-block-buttons-is-layout-flex\"><div class=\"wp-block-button has-custom-width wp-block-button__width-25 is-style-primary\"><a class=\"wp-block-button__link has-neve-text-color-color has-text-color has-link-color has-text-align-center wp-element-button\" href=\"https:\/\/marierobert.fr\/index.php\/ateliers-de-groupe\/\">ACTION<\/a><\/div><\/div><\/div>\n\n<div id=\"wp-block-themeisle-blocks-advanced-column-7eb3ddac\" class=\"wp-block-themeisle-blocks-advanced-column\"><div class=\"wp-block-image wp-duotone-6b2e13b8-faf3e8c4-2\"><figure class=\"aligncenter size-full\"><img loading=\"lazy\" decoding=\"async\" width=\"1886\" height=\"1886\" src=\"https:\/\/marierobert.fr\/wp-content\/uploads\/2024\/10\/photo-1641604901598-9f61be6bfd18-1-edited.avif\" alt=\"\" class=\"wp-image-324\" srcset=\"https:\/\/marierobert.fr\/wp-content\/uploads\/2024\/10\/photo-1641604901598-9f61be6bfd18-1-edited.avif 1886w, https:\/\/marierobert.fr\/wp-content\/uploads\/2024\/10\/photo-1641604901598-9f61be6bfd18-1-edited-300x300.avif 300w, https:\/\/marierobert.fr\/wp-content\/uploads\/2024\/10\/photo-1641604901598-9f61be6bfd18-1-edited-1024x1024.avif 1024w, https:\/\/marierobert.fr\/wp-content\/uploads\/2024\/10\/photo-1641604901598-9f61be6bfd18-1-edited-150x150.avif 150w, https:\/\/marierobert.fr\/wp-content\/uploads\/2024\/10\/photo-1641604901598-9f61be6bfd18-1-edited-768x768.avif 768w, https:\/\/marierobert.fr\/wp-content\/uploads\/2024\/10\/photo-1641604901598-9f61be6bfd18-1-edited-1536x1536.avif 1536w, https:\/\/marierobert.fr\/wp-content\/uploads\/2024\/10\/photo-1641604901598-9f61be6bfd18-1-edited-600x600.avif 600w, https:\/\/marierobert.fr\/wp-content\/uploads\/2024\/10\/photo-1641604901598-9f61be6bfd18-1-edited-100x100.avif 100w\" sizes=\"(max-width: 1886px) 100vw, 1886px\" \/><\/figure><\/div>\n\n<hr class=\"wp-block-separator has-alpha-channel-opacity\"\/>\n\n<h2 class=\"wp-block-heading\">Consultation individuelle<\/h2>\n\n<p>Vous souhaitez un accompagnement sur-mesure pour aborder vos questionnements profonds et aff\u00fbter votre pens\u00e9e.<\/p>\n\n<div class=\"wp-block-buttons is-content-justification-center is-layout-flex wp-container-core-buttons-is-layout-2 wp-block-buttons-is-layout-flex\"><\/div><\/div>\n\n<div id=\"wp-block-themeisle-blocks-advanced-column-ed49b5fd\" class=\"wp-block-themeisle-blocks-advanced-column\"><div class=\"wp-block-image wp-duotone-6b2e13b8-faf3e8c4-3\"><figure class=\"aligncenter size-large\"><img loading=\"lazy\" decoding=\"async\" width=\"1181\" height=\"1180\" src=\"https:\/\/marierobert.fr\/wp-content\/uploads\/2024\/10\/photo-1638262052640-82e94d64664a-edited.avif\" alt=\"\" class=\"wp-image-323\" srcset=\"https:\/\/marierobert.fr\/wp-content\/uploads\/2024\/10\/photo-1638262052640-82e94d64664a-edited.avif 1181w, https:\/\/marierobert.fr\/wp-content\/uploads\/2024\/10\/photo-1638262052640-82e94d64664a-edited-300x300.avif 300w, https:\/\/marierobert.fr\/wp-content\/uploads\/2024\/10\/photo-1638262052640-82e94d64664a-edited-1024x1024.avif 1024w, https:\/\/marierobert.fr\/wp-content\/uploads\/2024\/10\/photo-1638262052640-82e94d64664a-edited-150x150.avif 150w, https:\/\/marierobert.fr\/wp-content\/uploads\/2024\/10\/photo-1638262052640-82e94d64664a-edited-768x767.avif 768w, https:\/\/marierobert.fr\/wp-content\/uploads\/2024\/10\/photo-1638262052640-82e94d64664a-edited-600x599.avif 600w, https:\/\/marierobert.fr\/wp-content\/uploads\/2024\/10\/photo-1638262052640-82e94d64664a-edited-100x100.avif 100w\" sizes=\"(max-width: 1181px) 100vw, 1181px\" \/><\/figure><\/div>\n\n<hr class=\"wp-block-separator has-alpha-channel-opacity\"\/>\n\n<h2 class=\"wp-block-heading\">Profilage<\/h2>\n\n<p>Une strat\u00e9gie de recrutement exigeante pour vous distinguer dans votre secteur d&rsquo;activit\u00e9.<\/p>\n\n<div class=\"wp-block-buttons is-content-justification-center is-layout-flex wp-container-core-buttons-is-layout-3 wp-block-buttons-is-layout-flex\"><\/div><\/div><\/div><\/div><!DOCTYPE html>\n<html lang=\"fr\">\n<head>\n  <meta charset=\"UTF-8\">\n  <meta name=\"viewport\" content=\"width=device-width, initial-scale=1.0\">\n  <title>Carrousel de T\u00e9moignages<\/title>\n  <style>\n    .testimonial-carousel {\n      width: 90%;\n      height: 100%;\n      margin: 0 auto;\n      overflow: hidden;\n      position: relative;\n      background: auto;\n      padding: 30px;\n      box-shadow: 0 4px 8px rgba(0, 0, 0, 0.5);\n      border-radius: 20px;\n      display: flex;\n      justify-content: center;\n      align-items: center;\n    }\n    \n    .testimonial-item {\n      width: 80%;\n      position: absolute;\n      opacity: 0;\n      transition: opacity 0.8s ease;\n      padding: 20px 50px;\n      background-color: #382130;\n      border: none;\n      border-radius: 10px;\n      box-shadow: 0 2px 4px rgba(0, 0, 0, 0.1);\n      color: #ffff;\n      font-family: albert sans;\n      font-style: none;\n      line-height: 1.6;\n      text-align: center;\n    }\n    \n    .testimonial-item.active {\n      opacity: 1;\n      position: relative;\n    }\n    \n    .carousel-nav {\n      position: absolute;\n      top: 50%;\n      width: 95%;\n      display: flex;\n      justify-content: space-between;\n      transform: translateY(0%);\n    }\n    \n    .carousel-nav button {\n      background-color: rgba(0, 0, 0, 0.5);\n      color: #fff;\n      border: none;\n      padding: 10px 10px;\n      cursor: pointer;\n      transition: background-color 0.5s ease;\n      font-size: 22px;\n      border-radius: 30%;\n    }\n    \n    .carousel-nav button:hover {\n      background-color: rgba(0, 0, 0, 0.5);\n    }\n\n    .author {\n      display: block;\n      font-variant: small-caps;\n      text-align: center;\n      opacity: 0.8;\n      margin-top: 10px;\n      font-size: 1em;\n}\n\n  <\/style>\n<\/head>\n<body>\n\n<div class=\"testimonial-carousel\">\n  <!-- T\u00e9moignages -->\n  <div class=\"testimonial-item active\">\n    <p>\u00ab\u00a0J&rsquo;ai fait ma premi\u00e8re consultation philosophique avec Marie il y a maintenant quelques mois. C&rsquo;est une exp\u00e9rience qui reste : qui pose des questions inconfortables qui mettent parfois face \u00e0 nos contradictions, qui aident \u00e0 avancer. Malgr\u00e9 l&rsquo;intensit\u00e9 que l&rsquo;entretien peut provoquer, Marie touche des points sensibles avec bienveillance, et cr\u00e9e un espace o\u00f9 il est facile de s&rsquo;exprimer.\u00a0\u00bb\n<span class=\"author\">Th\u00e9ophile<\/span><\/p>\n  <\/div>\n  <div class=\"testimonial-item\">\n    <p>\u00ab\u00a0J&rsquo;ai d\u00e9couvert les consultations philosophiques avec Marie. Ce type d&rsquo;entretien guid\u00e9 m&rsquo;a permis d&rsquo;explorer plus en profondeur ma mani\u00e8re de penser mais aussi ma fa\u00e7on de r\u00e9agir face \u00e0 des questions confrontantes. Marie m&rsquo;a mis face \u00e0 mes contradictions, ce qui n&rsquo;a pas \u00e9t\u00e9 toujours confortable mais a permis de faire \u00e9merger une r\u00e9flexion profonde sur mes m\u00e9canismes de pens\u00e9e personnels.\u00a0\u00bb\n<span class=\"author\">Dimitri<\/span><\/p>\n  <\/div>\n  <div class=\"testimonial-item\">\n    <p>\u00ab\u00a0Nouveau et tr\u00e8s int\u00e9ressant. En questionnement continu sur moi-m\u00eame et le monde qui m&rsquo;entoure, dot\u00e9e d&rsquo;une hypersensibilit\u00e9 exacerb\u00e9e, j&rsquo;ai pratiqu\u00e9 la consultation philosophique avec Marie et il est vrai que \u00e7a remue l&rsquo;int\u00e9rieur de l&rsquo;int\u00e9rieur. S&rsquo;ouvre des pistes de travail car le soi ne s&rsquo;arr\u00eate jamais.\u00a0\u00bb\n<span class=\"author\">Muriel<\/span><\/p>\n  <\/div>\n  <div class=\"testimonial-item\">\n    <p>\u00ab\u00a0Un moment de pause pour explorer des r\u00e9ponses \u00e0 ses propres questionnements. Gr\u00e2ce \u00e0 ses questions pr\u00e9cises, fines et exactement pertinentes, Marie a r\u00e9ussi \u00e0 guider mes r\u00e9flexions tout au long de notre discussion. Cela m&rsquo;a permis de faire grandir ma connaissance de moi-m\u00eame. J&rsquo;ai h\u00e2te de notre prochaine discussion !\u00a0\u00bb\n<span class=\"author\">Zo\u00e9<\/span><\/p>\n  <\/div>\n  <div class=\"testimonial-item\">\n    <p>\u00ab\u00a0Chaque s\u00e9ance avec Marie m&rsquo;a fait d\u00e9couvrir de nouveaux aspects de ma personnalit\u00e9. Cela m&rsquo;a permis de clarifier mes pens\u00e9es et d&rsquo;avancer dans mes questionnements. Elle sait aussi mettre \u00e0 l&rsquo;aise dans les moments d\u00e9licats. J&rsquo;en suis syst\u00e9matiquement ressorti \u00e9puis\u00e9 mais avec le sentiment d&rsquo;avoir \u00e9volu\u00e9.\u00a0\u00bb\n<span class=\"author\">Antoine<\/span><\/p>\n  <\/div>\n\n  <!-- Navigation du carrousel -->\n  <div class=\"carousel-nav\">\n    <button onclick=\"prevTestimonial()\">&#8249;<\/button>\n    <button onclick=\"nextTestimonial()\">&#8250;<\/button>\n  <\/div>\n<\/div>\n\n<script>\n  var currentTestimonial = 0;\n\n  function showTestimonial(index) {\n    var testimonials = document.getElementsByClassName('testimonial-item');\n    for (var i = 0; i < testimonials.length; i++) {\n      testimonials[i].classList.remove('active');\n    }\n    testimonials[index].classList.add('active');\n  }\n\n  function prevTestimonial() {\n    var testimonials = document.getElementsByClassName('testimonial-item');\n    currentTestimonial = (currentTestimonial > 0) ? currentTestimonial - 1 : testimonials.length - 1;\n    showTestimonial(currentTestimonial);\n  }\n\n  function nextTestimonial() {\n    var testimonials = document.getElementsByClassName('testimonial-item');\n    currentTestimonial = (currentTestimonial < testimonials.length - 1) ? currentTestimonial + 1 : 0;\n    showTestimonial(currentTestimonial);\n  }\n<\/script>\n\n<\/body>\n<\/html>","protected":false},"excerpt":{"rendered":"<p>Carrousel de T\u00e9moignages \u00ab\u00a0J&rsquo;ai fait ma premi\u00e8re consultation philosophique avec Marie il y a maintenant quelques mois. C&rsquo;est une exp\u00e9rience qui reste : qui pose des questions inconfortables qui mettent parfois face \u00e0 nos contradictions, qui aident \u00e0 avancer. Malgr\u00e9 l&rsquo;intensit\u00e9 que l&rsquo;entretien peut provoquer, Marie touche des points sensibles avec bienveillance, et cr\u00e9e un&hellip;&nbsp;<a href=\"https:\/\/marierobert.fr\/\" rel=\"bookmark\">Lire la suite &raquo;<span class=\"screen-reader-text\">Accueil<\/span><\/a><\/p>\n","protected":false},"author":1,"featured_media":0,"parent":0,"menu_order":1,"comment_status":"closed","ping_status":"closed","template":"","meta":{"neve_meta_sidebar":"full-width","neve_meta_container":"","neve_meta_enable_content_width":"on","neve_meta_content_width":100,"neve_meta_title_alignment":"","neve_meta_author_avatar":"","neve_post_elements_order":"","neve_meta_disable_header":"","neve_meta_disable_footer":"","neve_meta_disable_title":"on","_themeisle_gutenberg_block_has_review":false,"footnotes":""},"class_list":["post-105","page","type-page","status-publish","hentry"],"_links":{"self":[{"href":"https:\/\/marierobert.fr\/index.php\/wp-json\/wp\/v2\/pages\/105"}],"collection":[{"href":"https:\/\/marierobert.fr\/index.php\/wp-json\/wp\/v2\/pages"}],"about":[{"href":"https:\/\/marierobert.fr\/index.php\/wp-json\/wp\/v2\/types\/page"}],"author":[{"embeddable":true,"href":"https:\/\/marierobert.fr\/index.php\/wp-json\/wp\/v2\/users\/1"}],"replies":[{"embeddable":true,"href":"https:\/\/marierobert.fr\/index.php\/wp-json\/wp\/v2\/comments?post=105"}],"version-history":[{"count":12,"href":"https:\/\/marierobert.fr\/index.php\/wp-json\/wp\/v2\/pages\/105\/revisions"}],"predecessor-version":[{"id":333,"href":"https:\/\/marierobert.fr\/index.php\/wp-json\/wp\/v2\/pages\/105\/revisions\/333"}],"wp:attachment":[{"href":"https:\/\/marierobert.fr\/index.php\/wp-json\/wp\/v2\/media?parent=105"}],"curies":[{"name":"wp","href":"https:\/\/api.w.org\/{rel}","templated":true}]}}