{"id":125,"date":"2020-07-01T22:07:00","date_gmt":"2020-07-01T22:07:00","guid":{"rendered":"https:\/\/demosites.io\/pet-shop-gb\/?page_id=125"},"modified":"2024-11-06T14:18:12","modified_gmt":"2024-11-06T14:18:12","slug":"d09c8-contact","status":"publish","type":"page","link":"https:\/\/marierobert.fr\/index.php\/d09c8-contact\/","title":{"rendered":"R\u00e9servations"},"content":{"rendered":"<div id=\"wp-block-themeisle-blocks-advanced-columns-6548a24d\" class=\"wp-block-themeisle-blocks-advanced-columns alignfull has-1-columns has-desktop-equal-layout has-tablet-equal-layout has-mobile-equal-layout has-vertical-unset\"><div class=\"wp-block-themeisle-blocks-advanced-columns-overlay\"><\/div><div class=\"innerblocks-wrap\"><div id=\"wp-block-themeisle-blocks-advanced-column-ecd038a8\" class=\"wp-block-themeisle-blocks-advanced-column\"><h1 class=\"wp-block-heading has-text-align-center has-nv-text-dark-bg-color has-text-color\">Tarifs &amp; contact<\/h1>\n\n<hr class=\"wp-block-separator has-text-color has-nv-text-dark-bg-color has-alpha-channel-opacity has-nv-text-dark-bg-background-color has-background\"\/><\/div><\/div><\/div><div id=\"wp-block-themeisle-blocks-advanced-columns-e23d216c\" class=\"wp-block-themeisle-blocks-advanced-columns alignfull has-1-columns has-desktop-equal-layout has-tablet-equal-layout has-mobile-equal-layout has-vertical-unset has-dark-bg\"><div class=\"wp-block-themeisle-blocks-advanced-columns-overlay\"><\/div><div class=\"innerblocks-wrap\"><div id=\"wp-block-themeisle-blocks-advanced-column-1c27e139\" class=\"wp-block-themeisle-blocks-advanced-column\"><h2 class=\"wp-block-heading\">ReserveZ une consultation individuelle<\/h2>\n\n<p>Je propose des consultations individuelles en ligne. Vous vous installez dans un lieu calme o\u00f9 vous n\u2019\u00eates pas d\u00e9rang\u00e9. Vous avez besoin d\u2019une connexion internet fiable, une cam\u00e9ra, un micro (id\u00e9alement un micro-casque). Je vous envoie le lien de la visio par mail quelques minutes avant notre s\u00e9ance. Nous utilisons un logiciel en ligne gratuit, sans inscription et performant.<\/p>\n\n<div class=\"wp-block-columns is-layout-flex wp-container-core-columns-is-layout-1 wp-block-columns-is-layout-flex\"><div class=\"wp-block-column is-layout-flow wp-block-column-is-layout-flow\"><h3 class=\"wp-block-heading\">Tarif unique<\/h3>\n\n<p>Une s\u00e9ance (dur\u00e9e 1h) : 55\u20ac.<\/p><\/div>\n\n<div class=\"wp-block-column is-layout-flow wp-block-column-is-layout-flow\"><h3 class=\"wp-block-heading\">Prendre rendez-vous<\/h3>\n\n<\/div><\/div><\/div><\/div><\/div><div id=\"wp-block-themeisle-blocks-advanced-columns-844f25d8\" class=\"wp-block-themeisle-blocks-advanced-columns alignfull has-2-columns has-desktop-equal-layout has-tablet-equal-layout has-mobile-collapsedRows-layout has-vertical-unset has-dark-bg\"><div class=\"wp-block-themeisle-blocks-advanced-columns-overlay\"><\/div><div class=\"innerblocks-wrap\"><div id=\"wp-block-themeisle-blocks-advanced-column-146a0b05\" class=\"wp-block-themeisle-blocks-advanced-column\"><h2 class=\"wp-block-heading has-nv-text-dark-bg-color has-text-color\">Contactez-moi<\/h2>\n\n<p class=\"has-nv-text-dark-bg-color has-text-color\">Vous souhaitez un devis pour votre \u00e9v\u00e8nement ou vous avez des questions, je vous invite \u00e0 me contacter.<\/p>\n\n<div class=\"is-style-icons wp-block-themeisle-blocks-sharing-icons\" id=\"wp-block-themeisle-blocks-sharing-icons-92f71330\"><div class=\"social-icons-wrap\"><a class=\"social-icon is-facebook\" aria-label=\"Share on Facebook\" href=\"https:\/\/www.facebook.com\/sharer\/sharer.php?u=https:\/\/marierobert.fr\/index.php\/wp-json\/wp\/v2\/pages\/125&#038;title=R\u00e9servations\" target=\"_blank\"><svg aria-hidden=\"true\" xmlns=\"http:\/\/www.w3.org\/2000\/svg\" viewBox=\"0 0 512 512\"><!--!Font Awesome Free 6.6.0 by @fontawesome - https:\/\/fontawesome.com License - https:\/\/fontawesome.com\/license\/free Copyright 2024 Fonticons, Inc.--><path d=\"M512 256C512 114.6 397.4 0 256 0S0 114.6 0 256C0 376 82.7 476.8 194.2 504.5V334.2H141.4V256h52.8V222.3c0-87.1 39.4-127.5 125-127.5c16.2 0 44.2 3.2 55.7 6.4V172c-6-.6-16.5-1-29.6-1c-42 0-58.2 15.9-58.2 57.2V256h83.6l-14.4 78.2H287V510.1C413.8 494.8 512 386.9 512 256h0z\"\/><\/svg><span class=\"v-line\"><\/span><\/a><a class=\"social-icon is-twitter\" aria-label=\"Share on X\" href=\"http:\/\/x.com\/share?url=https:\/\/marierobert.fr\/index.php\/wp-json\/wp\/v2\/pages\/125&#038;text=R\u00e9servations\" target=\"_blank\"><svg aria-hidden=\"true\" xmlns=\"http:\/\/www.w3.org\/2000\/svg\" viewBox=\"0 0 512 512\"><!--!Font Awesome Free 6.6.0 by @fontawesome - https:\/\/fontawesome.com License - https:\/\/fontawesome.com\/license\/free Copyright 2024 Fonticons, Inc.--><path d=\"M389.2 48h70.6L305.6 224.2 487 464H345L233.7 318.6 106.5 464H35.8L200.7 275.5 26.8 48H172.4L272.9 180.9 389.2 48zM364.4 421.8h39.1L151.1 88h-42L364.4 421.8z\"\/><\/svg><\/a><a class=\"social-icon is-linkedin\" aria-label=\"Share on LinkedIn\" href=\"https:\/\/www.linkedin.com\/shareArticle?mini=true&#038;url=https:\/\/marierobert.fr\/index.php\/wp-json\/wp\/v2\/pages\/125&#038;title=R\u00e9servations\" target=\"_blank\"><svg aria-hidden=\"true\" xmlns=\"http:\/\/www.w3.org\/2000\/svg\" viewBox=\"0 0 448 512\"><!--!Font Awesome Free 6.6.0 by @fontawesome - https:\/\/fontawesome.com License - https:\/\/fontawesome.com\/license\/free Copyright 2024 Fonticons, Inc.--><path d=\"M100.3 448H7.4V148.9h92.9zM53.8 108.1C24.1 108.1 0 83.5 0 53.8a53.8 53.8 0 0 1 107.6 0c0 29.7-24.1 54.3-53.8 54.3zM447.9 448h-92.7V302.4c0-34.7-.7-79.2-48.3-79.2-48.3 0-55.7 37.7-55.7 76.7V448h-92.8V148.9h89.1v40.8h1.3c12.4-23.5 42.7-48.3 87.9-48.3 94 0 111.3 61.9 111.3 142.3V448z\"\/><\/svg><span class=\"v-line\"><\/span><\/a><\/div><\/div><style type=\"text\/css\">#wp-block-themeisle-blocks-sharing-icons-92f71330 {--border-radius: 50px;}<\/style><\/div>\n\n<div id=\"wp-block-themeisle-blocks-advanced-column-bb6ff40b\" class=\"wp-block-themeisle-blocks-advanced-column contact-form\"><div id=\"wp-block-themeisle-blocks-form-18c4a563\" class=\"wp-block-themeisle-blocks-form ticss-7ef2bbb6\" data-option-name=\"bf9b28ff82ce323187abc5d0feb0d8f07ecd8436_18c4a563\"><form class=\"otter-form__container\"><div id=\"wp-block-themeisle-blocks-form-input-aaa89218\" class=\"wp-block-themeisle-blocks-form-input ticss-aaa89218\"><label for=\"wp-block-themeisle-blocks-form-input-aaa89218-input\" class=\"otter-form-input-label\"><span class=\"otter-form-input-label__label\">Nom<\/span><span class=\"required\">*<\/span><\/label><input type=\"text\" id=\"wp-block-themeisle-blocks-form-input-aaa89218-input\" required placeholder=\"Pr\u00e9nom NOM\" class=\"otter-form-input\"\/><\/div>\n\n<div id=\"wp-block-themeisle-blocks-form-input-f1d98acd\" class=\"wp-block-themeisle-blocks-form-input\"><label for=\"wp-block-themeisle-blocks-form-input-f1d98acd-input\" class=\"otter-form-input-label\"><span class=\"otter-form-input-label__label\">E-mail<\/span><span class=\"required\">*<\/span><\/label><input type=\"email\" id=\"wp-block-themeisle-blocks-form-input-f1d98acd-input\" required placeholder=\"E-mail\" class=\"otter-form-input\"\/><\/div>\n\n<div id=\"wp-block-themeisle-blocks-form-input-14aa791f\" class=\"wp-block-themeisle-blocks-form-input\"><label for=\"wp-block-themeisle-blocks-form-input-14aa791f-input\" class=\"otter-form-input-label\"><span class=\"otter-form-input-label__label\">Num\u00e9ro de t\u00e9l\u00e9phone<\/span><span class=\"required\">*<\/span><\/label><input type=\"number\" id=\"wp-block-themeisle-blocks-form-input-14aa791f-input\" required placeholder=\"Num\u00e9ro de t\u00e9l\u00e9phone\" class=\"otter-form-input\"\/><\/div>\n\n<div id=\"wp-block-themeisle-blocks-form-textarea-0ff15d0b\" class=\"wp-block-themeisle-blocks-form-textarea\"><label for=\"wp-block-themeisle-blocks-form-textarea-0ff15d0b-input\" class=\"otter-form-textarea-label\"><span class=\"otter-form-textarea-label__label\"><mark style=\"background-color:rgba(0, 0, 0, 0)\" class=\"has-inline-color has-nv-text-dark-bg-color\">Message<\/mark><\/span><span class=\"required\">*<\/span><\/label><textarea id=\"wp-block-themeisle-blocks-form-textarea-0ff15d0b-input\" required rows=\"10\" class=\"otter-form-textarea-input\"><\/textarea><\/div>\n\n<div class=\"protection\" aria-hidden=\"true\"><input type=\"hidden\" id=\"wp-block-themeisle-blocks-form-18c4a563_nonce_field\" name=\"wp-block-themeisle-blocks-form-18c4a563_nonce_field\" value=\"1bf6ab7265\" \/><input type=\"hidden\" name=\"_wp_http_referer\" value=\"\/index.php\/wp-json\/wp\/v2\/pages\/125\" \/><input class=\"o-anti-bot\" type=\"checkbox\"><\/div><div class=\"wp-block-button\"><button class=\"wp-block-button__link\" type=\"submit\">Submit<\/button><\/div><\/form><\/div><\/div><\/div><\/div>","protected":false},"excerpt":{"rendered":"","protected":false},"author":1,"featured_media":0,"parent":0,"menu_order":0,"comment_status":"closed","ping_status":"closed","template":"","meta":{"neve_meta_sidebar":"full-width","neve_meta_container":"","neve_meta_enable_content_width":"on","neve_meta_content_width":100,"neve_meta_title_alignment":"","neve_meta_author_avatar":"","neve_post_elements_order":"","neve_meta_disable_header":"","neve_meta_disable_footer":"","neve_meta_disable_title":"on","_themeisle_gutenberg_block_has_review":false,"footnotes":""},"class_list":["post-125","page","type-page","status-publish","hentry"],"_links":{"self":[{"href":"https:\/\/marierobert.fr\/index.php\/wp-json\/wp\/v2\/pages\/125"}],"collection":[{"href":"https:\/\/marierobert.fr\/index.php\/wp-json\/wp\/v2\/pages"}],"about":[{"href":"https:\/\/marierobert.fr\/index.php\/wp-json\/wp\/v2\/types\/page"}],"author":[{"embeddable":true,"href":"https:\/\/marierobert.fr\/index.php\/wp-json\/wp\/v2\/users\/1"}],"replies":[{"embeddable":true,"href":"https:\/\/marierobert.fr\/index.php\/wp-json\/wp\/v2\/comments?post=125"}],"version-history":[{"count":5,"href":"https:\/\/marierobert.fr\/index.php\/wp-json\/wp\/v2\/pages\/125\/revisions"}],"predecessor-version":[{"id":337,"href":"https:\/\/marierobert.fr\/index.php\/wp-json\/wp\/v2\/pages\/125\/revisions\/337"}],"wp:attachment":[{"href":"https:\/\/marierobert.fr\/index.php\/wp-json\/wp\/v2\/media?parent=125"}],"curies":[{"name":"wp","href":"https:\/\/api.w.org\/{rel}","templated":true}]}}